{"id":36434,"date":"2021-10-12T16:27:24","date_gmt":"2021-10-12T16:27:24","guid":{"rendered":"https:\/\/uz.osmanlioud.net\/?page_id=36434"},"modified":"2026-03-28T09:49:25","modified_gmt":"2026-03-28T09:49:25","slug":"contact-us","status":"publish","type":"page","link":"https:\/\/uz.osmanlioud.net\/uz\/contact-us\/","title":{"rendered":"Contact us"},"content":{"rendered":"\t\t<div data-elementor-type=\"wp-page\" data-elementor-id=\"36434\" class=\"elementor elementor-36434 elementor-4439\">\n\t\t\t\t<div class=\"elementor-element elementor-element-68d0e93 wd-section-stretch-content e-flex e-con-boxed e-con e-parent\" data-id=\"68d0e93\" data-element_type=\"container\" data-e-type=\"container\">\n\t\t\t\t\t<div class=\"e-con-inner\">\n\t\t\t\t<div class=\"elementor-element elementor-element-fca29d4 elementor-widget elementor-widget-google_maps\" data-id=\"fca29d4\" data-element_type=\"widget\" data-e-type=\"widget\" data-widget_type=\"google_maps.default\">\n\t\t\t\t<div class=\"elementor-widget-container\">\n\t\t\t\t\t\t\t<div class=\"elementor-custom-embed\">\n\t\t\t<iframe loading=\"lazy\"\n\t\t\t\t\tsrc=\"https:\/\/maps.google.com\/maps?q=Mahmutbey%2C%20%C4%B0STO%C3%87%20Oto%20Ticaret%20Mrk.%20No%3A1%2C%2034218%20Ba%C4%9Fc%C4%B1lar%2F%C4%B0stanbul&#038;t=m&#038;z=14&#038;output=embed&#038;iwloc=near\"\n\t\t\t\t\ttitle=\"Mahmutbey, \u0130STO\u00c7 Oto Ticaret Mrk. No:1, 34218 Ba\u011fc\u0131lar\/\u0130stanbul\"\n\t\t\t\t\taria-label=\"Mahmutbey, \u0130STO\u00c7 Oto Ticaret Mrk. No:1, 34218 Ba\u011fc\u0131lar\/\u0130stanbul\"\n\t\t\t><\/iframe>\n\t\t<\/div>\n\t\t\t\t\t\t<\/div>\n\t\t\t\t<\/div>\n\t\t\t\t\t<\/div>\n\t\t\t\t<\/div>\n\t\t<div class=\"wd-negative-gap elementor-element elementor-element-cb322d0 e-flex e-con-boxed e-con e-parent\" data-id=\"cb322d0\" data-element_type=\"container\" data-e-type=\"container\">\n\t\t\t\t\t<div class=\"e-con-inner\">\n\t\t<div class=\"elementor-element elementor-element-1f0abe4 e-con-full e-flex e-con e-child\" data-id=\"1f0abe4\" data-element_type=\"container\" data-e-type=\"container\">\n\t\t\t\t<div class=\"elementor-element elementor-element-3b634bb elementor-widget elementor-widget-wd_image_or_svg\" data-id=\"3b634bb\" data-element_type=\"widget\" data-e-type=\"widget\" data-widget_type=\"wd_image_or_svg.default\">\n\t\t\t\t<div class=\"elementor-widget-container\">\n\t\t\t\t\t\n\t\t<div class=\"wd-image text-left\">\n\t\t\t\t\t\t\t\t<img fetchpriority=\"high\" decoding=\"async\" width=\"790\" height=\"556\" src=\"https:\/\/uz.osmanlioud.net\/wp-content\/uploads\/2025\/01\/OsmanliOud-Logo.png\" class=\"attachment-full size-full\" alt=\"\" srcset=\"https:\/\/uz.osmanlioud.net\/wp-content\/uploads\/2025\/01\/OsmanliOud-Logo.png 790w, https:\/\/uz.osmanlioud.net\/wp-content\/uploads\/2025\/01\/OsmanliOud-Logo-430x303.png 430w, https:\/\/uz.osmanlioud.net\/wp-content\/uploads\/2025\/01\/OsmanliOud-Logo-150x106.png 150w, https:\/\/uz.osmanlioud.net\/wp-content\/uploads\/2025\/01\/OsmanliOud-Logo-700x493.png 700w, https:\/\/uz.osmanlioud.net\/wp-content\/uploads\/2025\/01\/OsmanliOud-Logo-400x282.png 400w, https:\/\/uz.osmanlioud.net\/wp-content\/uploads\/2025\/01\/OsmanliOud-Logo-768x541.png 768w\" sizes=\"(max-width: 790px) 100vw, 790px\" \/>\t\t\t\t\t<\/div>\n\n\t\t\t\t\t\t<\/div>\n\t\t\t\t<\/div>\n\t\t\t\t<div class=\"elementor-element elementor-element-d94b4eb elementor-widget elementor-widget-wd_text_block\" data-id=\"d94b4eb\" data-element_type=\"widget\" data-e-type=\"widget\" data-widget_type=\"wd_text_block.default\">\n\t\t\t\t<div class=\"elementor-widget-container\">\n\t\t\t\t\t\t\t<div class=\"wd-text-block reset-last-child text-center\">\n\t\t\t\n\t\t\tDiscover the world of elegance and luxury with Osmanli Oud \u2013 where tradition meets quality in the finest oud and oriental perfumes\n\t\t\t\t\t<\/div>\n\t\t\t\t\t\t<\/div>\n\t\t\t\t<\/div>\n\t\t\t\t<div class=\"elementor-element elementor-element-81254e8 elementor-widget elementor-widget-wd_list\" data-id=\"81254e8\" data-element_type=\"widget\" data-e-type=\"widget\" data-widget_type=\"wd_list.default\">\n\t\t\t\t<div class=\"elementor-widget-container\">\n\t\t\t\t\t\t\t<ul class=\"wd-list color-scheme-dark wd-fontsize-xs wd-type-image wd-style-default text-left\">\n\t\t\t\t\t\t\t\t\t\t\t<li class=\"elementor-repeater-item-80be36b\">\n\t\t\t\t\t\t\t\t\t\t\t<span class=\"wd-icon\"><img loading=\"lazy\" decoding=\"async\"  src=\"https:\/\/uz.osmanlioud.net\/wp-content\/uploads\/2021\/09\/wd-cursor-light.svg\" title=\"wd-cursor-light\" loading=\"lazy\" width=\"14\" height=\"14\"><\/span>\t\t\t\t\t\n\t\t\t\t\t<span class=\"wd-list-content list-content\">\n\t\t\t\t\t\tUzbekistan\t\t\t\t\t<\/span>\n\n\t\t\t\t\t\t\t\t\t<\/li>\n\t\t\t\t\t\t\t\t\t\t\t<li class=\"elementor-repeater-item-c383cf6\">\n\t\t\t\t\t\t\t\t\t\t\t<span class=\"wd-icon\"><img loading=\"lazy\" decoding=\"async\"  src=\"https:\/\/uz.osmanlioud.net\/wp-content\/uploads\/2021\/09\/wd-phone-light.svg\" title=\"wd-phone-light\" loading=\"lazy\" width=\"14\" height=\"14\"><\/span>\t\t\t\t\t\n\t\t\t\t\t<span class=\"wd-list-content list-content\">\n\t\t\t\t\t\tTelefon:  +998990173882\t\t\t\t\t<\/span>\n\n\t\t\t\t\t\n\t\t\t\t\t\t<a  href=\"tel:%20+27%20799117864\" class=\"wd-fill\" aria-label=\"List item link\"><\/a>\n\t\t\t\t\t\t\t\t\t<\/li>\n\t\t\t\t\t\t\t\t\t\t\t<li class=\"elementor-repeater-item-a511145\">\n\t\t\t\t\t\t\t\t\t\t\t<span class=\"wd-icon\"><img loading=\"lazy\" decoding=\"async\"  src=\"https:\/\/uz.osmanlioud.net\/wp-content\/uploads\/2021\/09\/wd-envelope-light.svg\" title=\"wd-envelope-light\" loading=\"lazy\" width=\"14\" height=\"14\"><\/span>\t\t\t\t\t\n\t\t\t\t\t<span class=\"wd-list-content list-content\">\n\t\t\t\t\t\tElektron :uz..store@osmanlioud.net\t\t\t\t\t<\/span>\n\n\t\t\t\t\t\t\t\t\t<\/li>\n\t\t\t\t\t<\/ul>\n\n\t\t\t\t\t\t<\/div>\n\t\t\t\t<\/div>\n\t\t\t\t<\/div>\n\t\t<div class=\"elementor-element elementor-element-789122a e-con-full e-flex e-con e-child\" data-id=\"789122a\" data-element_type=\"container\" data-e-type=\"container\">\n\t\t\t\t<div class=\"elementor-element elementor-element-775ddc4 wd-width-100 elementor-widget elementor-widget-wd_title\" data-id=\"775ddc4\" data-element_type=\"widget\" data-e-type=\"widget\" data-widget_type=\"wd_title.default\">\n\t\t\t\t<div class=\"elementor-widget-container\">\n\t\t\t\t\t\t\t<div class=\"title-wrapper wd-set-mb reset-last-child wd-title-color-default wd-title-style-default wd-title-size-default text-left\">\n\n\t\t\t\t\t\t\t\t\t\t\t<div class=\"title-subtitle subtitle-color-default subtitle-style-default wd-fontsize-xs\">\n\t\t\t\t\tINFORMATION ABOUT US\t\t\t\t<\/div>\n\t\t\t\n\t\t\t<div class=\"liner-continer\">\n\t\t\t\t<h4 class=\"woodmart-title-container title wd-fontsize-l\">CONTACT US FOR ANY QUESTIONS<\/h4> \n\t\t\t\t\t\t\t<\/div>\n\n\t\t\t\t\t<\/div>\n\t\t\t\t\t\t<\/div>\n\t\t\t\t<\/div>\n\t\t\t\t<div class=\"elementor-element elementor-element-3c67846 wd-cf7 elementor-widget elementor-widget-wd_contact_form_7\" data-id=\"3c67846\" data-element_type=\"widget\" data-e-type=\"widget\" data-widget_type=\"wd_contact_form_7.default\">\n\t\t\t\t<div class=\"elementor-widget-container\">\n\t\t\t\t\t\n<div class=\"wpcf7 no-js\" id=\"wpcf7-f1572-o1\" lang=\"en-US\" dir=\"ltr\" data-wpcf7-id=\"1572\">\n<div class=\"screen-reader-response\"><p role=\"status\" aria-live=\"polite\" aria-atomic=\"true\"><\/p> <ul><\/ul><\/div>\n<form action=\"\/uz\/wp-json\/wp\/v2\/pages\/36434#wpcf7-f1572-o1\" method=\"post\" class=\"wpcf7-form init\" aria-label=\"Contact form\" novalidate=\"novalidate\" data-status=\"init\">\n<fieldset class=\"hidden-fields-container\"><input type=\"hidden\" name=\"_wpcf7\" value=\"1572\" \/><input type=\"hidden\" name=\"_wpcf7_version\" value=\"6.1.5\" \/><input type=\"hidden\" name=\"_wpcf7_locale\" value=\"en_US\" \/><input type=\"hidden\" name=\"_wpcf7_unit_tag\" value=\"wpcf7-f1572-o1\" \/><input type=\"hidden\" name=\"_wpcf7_container_post\" value=\"0\" \/><input type=\"hidden\" name=\"_wpcf7_posted_data_hash\" value=\"\" \/>\n<\/fieldset>\n<div class=\"row\">\n\t<p class=\"col-md-6\"><label>Your Name<\/label><span class=\"wpcf7-form-control-wrap\" data-name=\"your-name\"><input size=\"40\" maxlength=\"400\" class=\"wpcf7-form-control wpcf7-text wpcf7-validates-as-required\" aria-required=\"true\" aria-invalid=\"false\" value=\"\" type=\"text\" name=\"your-name\" \/><\/span>\n\t<\/p>\n\t<p class=\"col-md-6\"><label>Your Email<\/label><span class=\"wpcf7-form-control-wrap\" data-name=\"your-email\"><input size=\"40\" maxlength=\"400\" class=\"wpcf7-form-control wpcf7-email wpcf7-validates-as-required wpcf7-text wpcf7-validates-as-email\" aria-required=\"true\" aria-invalid=\"false\" value=\"\" type=\"email\" name=\"your-email\" \/><\/span>\n\t<\/p>\n<\/div>\n<div class=\"row\">\n\t<p class=\"col-md-6\"><label>Phone Number<\/label><span class=\"wpcf7-form-control-wrap\" data-name=\"tel-767\"><input size=\"40\" maxlength=\"400\" class=\"wpcf7-form-control wpcf7-tel wpcf7-text wpcf7-validates-as-tel\" aria-invalid=\"false\" value=\"\" type=\"tel\" name=\"tel-767\" \/><\/span>\n\t<\/p>\n\t<p class=\"col-md-6\"><label>Company<\/label><span class=\"wpcf7-form-control-wrap\" data-name=\"text-1\"><input size=\"40\" maxlength=\"400\" class=\"wpcf7-form-control wpcf7-text\" aria-invalid=\"false\" value=\"\" type=\"text\" name=\"text-1\" \/><\/span>\n\t<\/p>\n<\/div>\n<p><label>Your Message<\/label><span class=\"wpcf7-form-control-wrap\" data-name=\"your-message\"><textarea cols=\"40\" rows=\"10\" maxlength=\"2000\" class=\"wpcf7-form-control wpcf7-textarea\" aria-invalid=\"false\" name=\"your-message\"><\/textarea><\/span>\n<\/p>\n<p><input class=\"wpcf7-form-control wpcf7-submit has-spinner btn-color-black\" type=\"submit\" value=\"ASK A QUESTION\" \/>\n<\/p><div class=\"wpcf7-response-output\" aria-hidden=\"true\"><\/div>\n<\/form>\n<\/div>\n\t\t\t\t<\/div>\n\t\t\t\t<\/div>\n\t\t\t\t<\/div>\n\t\t\t\t\t<\/div>\n\t\t\t\t<\/div>\n\t\t\t\t<\/div>\n\t\t","protected":false},"excerpt":{"rendered":"<p>Discover the world of elegance and luxury with Osmanli Oud \u2013 where tradition meets quality in the finest oud and<\/p>\n","protected":false},"author":1454,"featured_media":0,"parent":0,"menu_order":0,"comment_status":"closed","ping_status":"closed","template":"","meta":{"footnotes":""},"class_list":["post-36434","page","type-page","status-publish","hentry"],"_links":{"self":[{"href":"https:\/\/uz.osmanlioud.net\/uz\/wp-json\/wp\/v2\/pages\/36434","targetHints":{"allow":["GET"]}}],"collection":[{"href":"https:\/\/uz.osmanlioud.net\/uz\/wp-json\/wp\/v2\/pages"}],"about":[{"href":"https:\/\/uz.osmanlioud.net\/uz\/wp-json\/wp\/v2\/types\/page"}],"author":[{"embeddable":true,"href":"https:\/\/uz.osmanlioud.net\/uz\/wp-json\/wp\/v2\/users\/1454"}],"replies":[{"embeddable":true,"href":"https:\/\/uz.osmanlioud.net\/uz\/wp-json\/wp\/v2\/comments?post=36434"}],"version-history":[{"count":0,"href":"https:\/\/uz.osmanlioud.net\/uz\/wp-json\/wp\/v2\/pages\/36434\/revisions"}],"wp:attachment":[{"href":"https:\/\/uz.osmanlioud.net\/uz\/wp-json\/wp\/v2\/media?parent=36434"}],"curies":[{"name":"wp","href":"https:\/\/api.w.org\/{rel}","templated":true}]}}